{"id":41,"date":"2026-02-24T16:01:13","date_gmt":"2026-02-24T16:01:13","guid":{"rendered":"https:\/\/odyssee-kayak.com\/?page_id=41"},"modified":"2026-04-02T13:07:14","modified_gmt":"2026-04-02T13:07:14","slug":"services","status":"publish","type":"page","link":"https:\/\/odyssee-kayak.com\/index.php\/services\/","title":{"rendered":"Services"},"content":{"rendered":"\n<div class=\"wp-block-cover alignfull is-light\" style=\"margin-top:0;margin-bottom:0;padding-top:0px;padding-bottom:80px;min-height:475px;aspect-ratio:unset;\"><img loading=\"lazy\" decoding=\"async\" width=\"1024\" height=\"680\" class=\"wp-block-cover__image-background wp-image-153 size-large\" alt=\"\" src=\"https:\/\/odyssee-kayak.com\/wp-content\/uploads\/2026\/02\/steven-ungermann-CRjlX6OP1lU-unsplash-1024x680.jpg\" data-object-fit=\"cover\" srcset=\"https:\/\/odyssee-kayak.com\/wp-content\/uploads\/2026\/02\/steven-ungermann-CRjlX6OP1lU-unsplash-1024x680.jpg 1024w, https:\/\/odyssee-kayak.com\/wp-content\/uploads\/2026\/02\/steven-ungermann-CRjlX6OP1lU-unsplash-300x199.jpg 300w, https:\/\/odyssee-kayak.com\/wp-content\/uploads\/2026\/02\/steven-ungermann-CRjlX6OP1lU-unsplash-768x510.jpg 768w, https:\/\/odyssee-kayak.com\/wp-content\/uploads\/2026\/02\/steven-ungermann-CRjlX6OP1lU-unsplash-1536x1020.jpg 1536w, https:\/\/odyssee-kayak.com\/wp-content\/uploads\/2026\/02\/steven-ungermann-CRjlX6OP1lU-unsplash.jpg 1920w\" sizes=\"auto, (max-width: 1024px) 100vw, 1024px\" \/><span aria-hidden=\"true\" class=\"wp-block-cover__background has-background-dim-30 has-background-dim\" style=\"background-color:#0974f4\"><\/span><div class=\"wp-block-cover__inner-container has-global-padding is-layout-constrained wp-container-core-cover-is-layout-d4c6b484 wp-block-cover-is-layout-constrained\">\n<div style=\"height:150px\" aria-hidden=\"true\" class=\"wp-block-spacer\"><\/div>\n\n\n\n<h1 class=\"wp-block-heading has-text-align-center has-text-color has-link-color has-suranna-font-family wp-elements-4b9ecaa4a8e6778e98a7cfb187326f59\" style=\"color:#ffffff;font-size:clamp(38.682px, 2.418rem + ((1vw - 3.2px) * 3.786), 72px);font-style:normal;font-weight:500\">Kayak &amp; Paddle<\/h1>\n<\/div><\/div>\n\n\n\n<div class=\"wp-block-group alignfull has-global-padding is-layout-constrained wp-container-core-group-is-layout-4383d167 wp-block-group-is-layout-constrained\">\n<div class=\"wp-block-group alignwide has-global-padding is-layout-constrained wp-container-core-group-is-layout-5ff8a92b wp-block-group-is-layout-constrained\" style=\"margin-top:0;margin-bottom:0;padding-top:100px;padding-bottom:100px\">\n<div class=\"wp-block-columns is-layout-flex wp-container-core-columns-is-layout-92515837 wp-block-columns-is-layout-flex\">\n<div class=\"wp-block-column is-layout-flow wp-block-column-is-layout-flow\">\n<figure class=\"wp-block-image alignleft size-full has-custom-border\"><img loading=\"lazy\" decoding=\"async\" width=\"2560\" height=\"1707\" src=\"https:\/\/odyssee-kayak.com\/wp-content\/uploads\/2026\/02\/manoj-seenivasan-JsWw7ED70bE-unsplash-1-scaled.jpg\" alt=\"\" class=\"wp-image-100\" style=\"border-top-left-radius:30px;border-top-right-radius:30px;border-bottom-left-radius:30px;border-bottom-right-radius:30px;aspect-ratio:1;object-fit:cover\" srcset=\"https:\/\/odyssee-kayak.com\/wp-content\/uploads\/2026\/02\/manoj-seenivasan-JsWw7ED70bE-unsplash-1-scaled.jpg 2560w, https:\/\/odyssee-kayak.com\/wp-content\/uploads\/2026\/02\/manoj-seenivasan-JsWw7ED70bE-unsplash-1-300x200.jpg 300w, https:\/\/odyssee-kayak.com\/wp-content\/uploads\/2026\/02\/manoj-seenivasan-JsWw7ED70bE-unsplash-1-1024x683.jpg 1024w, https:\/\/odyssee-kayak.com\/wp-content\/uploads\/2026\/02\/manoj-seenivasan-JsWw7ED70bE-unsplash-1-768x512.jpg 768w, https:\/\/odyssee-kayak.com\/wp-content\/uploads\/2026\/02\/manoj-seenivasan-JsWw7ED70bE-unsplash-1-1536x1024.jpg 1536w, https:\/\/odyssee-kayak.com\/wp-content\/uploads\/2026\/02\/manoj-seenivasan-JsWw7ED70bE-unsplash-1-2048x1365.jpg 2048w\" sizes=\"auto, (max-width: 2560px) 100vw, 2560px\" \/><\/figure>\n<\/div>\n\n\n\n<div class=\"wp-block-column is-vertically-aligned-center has-global-padding is-content-justification-left is-layout-constrained wp-container-core-column-is-layout-12dd3699 wp-block-column-is-layout-constrained\">\n<h3 class=\"wp-block-heading has-text-align-left has-text-color has-suranna-font-family\" style=\"color:#000000;margin-top:0.5rem;margin-bottom:0rem;font-size:clamp(24.034px, 1.502rem + ((1vw - 3.2px) * 1.814), 40px);font-style:normal;font-weight:500;letter-spacing:0px;line-height:1.3\">Kayak double<\/h3>\n\n\n\n<hr class=\"wp-block-separator has-alpha-channel-opacity\"\/>\n\n\n\n<p class=\"has-text-color has-link-color has-pontano-sans-font-family wp-elements-ee70b34b74ce00147a3c7790426d27bb\" style=\"color:#000000;font-size:clamp(14px, 0.875rem + ((1vw - 3.2px) * 0.455), 18px);\">Profitez d\u2019une exp\u00e9rience unique avec notre <strong>kayak double<\/strong>, pens\u00e9 pour partager l\u2019aventure \u00e0 deux. <\/p>\n\n\n\n<p>Stable, confortable et facile \u00e0 manier, il permet de pagayer en duo en toute s\u00e9r\u00e9nit\u00e9, que ce soit en couple, entre amis ou en famille. L\u2019\u00e9quilibre parfait entre complicit\u00e9 et d\u00e9couverte, pour vivre un moment de connexion sur l\u2019eau.<\/p>\n\n\n\n<p class=\"has-text-color has-link-color has-pontano-sans-font-family wp-elements-9deefa5ac5bc9eab3a1e3d0a941b33d0\" style=\"color:#000000;font-size:clamp(14px, 0.875rem + ((1vw - 3.2px) * 0.455), 18px);\">\u00c0 deux, chaque coup de pagaie devient un souvenir.<\/p>\n\n\n\n<div class=\"wp-block-buttons alignfull is-horizontal is-content-justification-left is-layout-flex wp-container-core-buttons-is-layout-324fa30b wp-block-buttons-is-layout-flex\" style=\"margin-top:20px\">\n<div class=\"wp-block-button has-custom-width wp-block-button__width-50 is-style-fill\"><a class=\"wp-block-button__link has-text-color has-background has-custom-font-size wp-element-button\" href=\"https:\/\/odyssee-kayak.com\/index.php\/kayak-double\/\" style=\"border-style:none;border-width:0px;border-top-left-radius:10%;border-top-right-radius:10%;border-bottom-left-radius:10%;border-bottom-right-radius:10%;color:#fffffd;background-color:#fe6c1c;padding-top:var(--wp--preset--spacing--20);padding-right:var(--wp--preset--spacing--30);padding-bottom:var(--wp--preset--spacing--20);padding-left:var(--wp--preset--spacing--30);font-size:clamp(0.875rem, 0.875rem + ((1vw - 0.2rem) * 0.245), 1.01rem);font-style:normal;font-weight:600;letter-spacing:1px;line-height:1.5;text-transform:uppercase\" target=\"_blank\" rel=\"noreferrer noopener\">d\u00e9couvrir<\/a><\/div>\n<\/div>\n<\/div>\n<\/div>\n<\/div>\n<\/div>\n\n\n\n<div class=\"wp-block-group alignfull has-global-padding is-layout-constrained wp-container-core-group-is-layout-4383d167 wp-block-group-is-layout-constrained\">\n<div class=\"wp-block-group alignwide has-global-padding is-layout-constrained wp-container-core-group-is-layout-1be1424c wp-block-group-is-layout-constrained\" style=\"margin-top:0;margin-bottom:0;padding-bottom:100px\">\n<div class=\"wp-block-columns is-layout-flex wp-container-core-columns-is-layout-92515837 wp-block-columns-is-layout-flex\">\n<div class=\"wp-block-column is-vertically-aligned-center has-global-padding is-content-justification-left is-layout-constrained wp-container-core-column-is-layout-12dd3699 wp-block-column-is-layout-constrained\">\n<h3 class=\"wp-block-heading has-text-align-left has-text-color has-suranna-font-family\" style=\"color:#000000;margin-top:0.5rem;margin-bottom:0rem;font-size:clamp(24.034px, 1.502rem + ((1vw - 3.2px) * 1.814), 40px);font-style:normal;font-weight:500;letter-spacing:0px;line-height:1.3\">Kayak Simple<\/h3>\n\n\n\n<hr class=\"wp-block-separator has-alpha-channel-opacity\"\/>\n\n\n\n<p class=\"has-text-color has-link-color has-pontano-sans-font-family wp-elements-97031978fe223b3f46f36f6702b5fbe9\" style=\"color:#000000;font-size:clamp(14px, 0.875rem + ((1vw - 3.2px) * 0.455), 18px);\">Vivez une exp\u00e9rience 100 % libert\u00e9 avec notre <strong>kayak simple<\/strong>. <\/p>\n\n\n\n<p>Maniable, stable et confortable, il est id\u00e9al pour explorer \u00e0 votre rythme et profiter pleinement du calme de l\u2019eau. Seul \u00e0 bord, vous choisissez votre direction, votre allure et votre aventure.<\/p>\n\n\n\n<p class=\"has-text-color has-link-color has-pontano-sans-font-family wp-elements-f6e0822bc8d941c3e1710d37f35ae3a5\" style=\"color:#000000;font-size:clamp(14px, 0.875rem + ((1vw - 3.2px) * 0.455), 18px);\">Un moment d\u2019\u00e9vasion rien qu\u2019\u00e0 vous, au fil de l\u2019eau.<\/p>\n\n\n\n<div class=\"wp-block-buttons is-horizontal is-content-justification-left is-layout-flex wp-container-core-buttons-is-layout-324fa30b wp-block-buttons-is-layout-flex\" style=\"margin-top:20px\">\n<div class=\"wp-block-button has-custom-width wp-block-button__width-50 is-style-fill\"><a class=\"wp-block-button__link has-text-color has-background has-pontano-sans-font-family has-custom-font-size wp-element-button\" href=\"https:\/\/odyssee-kayak.com\/index.php\/kayak-simple\/\" style=\"border-style:none;border-width:0px;border-top-left-radius:10px;border-top-right-radius:10px;border-bottom-left-radius:10px;border-bottom-right-radius:10px;color:#fffffd;background-color:#fe6c1c;padding-top:var(--wp--preset--spacing--20);padding-right:var(--wp--preset--spacing--30);padding-bottom:var(--wp--preset--spacing--20);padding-left:var(--wp--preset--spacing--30);font-size:clamp(0.875rem, 0.875rem + ((1vw - 0.2rem) * 0.245), 1.01rem);font-style:normal;font-weight:600;letter-spacing:1px;line-height:1.5;text-transform:uppercase\" target=\"_blank\" rel=\"noreferrer noopener\">D\u00e9couvrir<\/a><\/div>\n<\/div>\n<\/div>\n\n\n\n<div class=\"wp-block-column is-layout-flow wp-block-column-is-layout-flow\">\n<figure class=\"wp-block-image alignright size-full has-custom-border\"><img loading=\"lazy\" decoding=\"async\" width=\"1920\" height=\"1080\" src=\"https:\/\/odyssee-kayak.com\/wp-content\/uploads\/2026\/02\/test-signa-ublo-2-1.jpg\" alt=\"\" class=\"wp-image-104\" style=\"border-top-left-radius:30px;border-top-right-radius:30px;border-bottom-left-radius:30px;border-bottom-right-radius:30px;aspect-ratio:1;object-fit:cover\" srcset=\"https:\/\/odyssee-kayak.com\/wp-content\/uploads\/2026\/02\/test-signa-ublo-2-1.jpg 1920w, https:\/\/odyssee-kayak.com\/wp-content\/uploads\/2026\/02\/test-signa-ublo-2-1-300x169.jpg 300w, https:\/\/odyssee-kayak.com\/wp-content\/uploads\/2026\/02\/test-signa-ublo-2-1-1024x576.jpg 1024w, https:\/\/odyssee-kayak.com\/wp-content\/uploads\/2026\/02\/test-signa-ublo-2-1-768x432.jpg 768w, https:\/\/odyssee-kayak.com\/wp-content\/uploads\/2026\/02\/test-signa-ublo-2-1-1536x864.jpg 1536w\" sizes=\"auto, (max-width: 1920px) 100vw, 1920px\" \/><\/figure>\n<\/div>\n<\/div>\n<\/div>\n<\/div>\n\n\n\n<div class=\"wp-block-group alignfull has-global-padding is-layout-constrained wp-container-core-group-is-layout-4383d167 wp-block-group-is-layout-constrained\">\n<div class=\"wp-block-group alignwide has-global-padding is-layout-constrained wp-container-core-group-is-layout-1be1424c wp-block-group-is-layout-constrained\" style=\"margin-top:0;margin-bottom:0;padding-bottom:100px\">\n<div class=\"wp-block-columns is-layout-flex wp-container-core-columns-is-layout-92515837 wp-block-columns-is-layout-flex\">\n<div class=\"wp-block-column is-layout-flow wp-block-column-is-layout-flow\">\n<figure class=\"wp-block-image alignleft size-full has-custom-border\"><img loading=\"lazy\" decoding=\"async\" width=\"1707\" height=\"2560\" src=\"https:\/\/odyssee-kayak.com\/wp-content\/uploads\/2026\/02\/tower-paddle-boards-i2LVVJMCRVE-unsplash-1-scaled.jpg\" alt=\"\" class=\"wp-image-103\" style=\"border-top-left-radius:30px;border-top-right-radius:30px;border-bottom-left-radius:30px;border-bottom-right-radius:30px;aspect-ratio:1;object-fit:cover\" srcset=\"https:\/\/odyssee-kayak.com\/wp-content\/uploads\/2026\/02\/tower-paddle-boards-i2LVVJMCRVE-unsplash-1-scaled.jpg 1707w, https:\/\/odyssee-kayak.com\/wp-content\/uploads\/2026\/02\/tower-paddle-boards-i2LVVJMCRVE-unsplash-1-200x300.jpg 200w, https:\/\/odyssee-kayak.com\/wp-content\/uploads\/2026\/02\/tower-paddle-boards-i2LVVJMCRVE-unsplash-1-683x1024.jpg 683w, https:\/\/odyssee-kayak.com\/wp-content\/uploads\/2026\/02\/tower-paddle-boards-i2LVVJMCRVE-unsplash-1-768x1152.jpg 768w, https:\/\/odyssee-kayak.com\/wp-content\/uploads\/2026\/02\/tower-paddle-boards-i2LVVJMCRVE-unsplash-1-1024x1536.jpg 1024w, https:\/\/odyssee-kayak.com\/wp-content\/uploads\/2026\/02\/tower-paddle-boards-i2LVVJMCRVE-unsplash-1-1365x2048.jpg 1365w\" sizes=\"auto, (max-width: 1707px) 100vw, 1707px\" \/><\/figure>\n<\/div>\n\n\n\n<div class=\"wp-block-column is-vertically-aligned-center has-global-padding is-content-justification-left is-layout-constrained wp-container-core-column-is-layout-12dd3699 wp-block-column-is-layout-constrained\">\n<h3 class=\"wp-block-heading has-text-align-left has-text-color has-suranna-font-family\" style=\"color:#000000;margin-top:0.5rem;margin-bottom:0rem;font-size:clamp(24.034px, 1.502rem + ((1vw - 3.2px) * 1.814), 40px);font-style:normal;font-weight:500;letter-spacing:0px;line-height:1.3\">Stand-up Paddle<\/h3>\n\n\n\n<hr class=\"wp-block-separator has-alpha-channel-opacity\"\/>\n\n\n\n<p class=\"has-text-color has-link-color has-pontano-sans-font-family wp-elements-8fe2f231402a6c1dc24bba78fc0c6cca\" style=\"color:#000000;font-size:clamp(14px, 0.875rem + ((1vw - 3.2px) * 0.455), 18px);\">D\u00e9couvrez une sensation de glisse unique avec notre <strong>stand up paddle<\/strong>. <\/p>\n\n\n\n<p>Stable et accessible, il vous permet de vous d\u00e9placer debout sur l\u2019eau tout en profitant du paysage. Que ce soit pour une balade d\u00e9tente ou un moment plus sportif, chacun trouve son rythme.<\/p>\n\n\n\n<p class=\"has-text-color has-link-color has-pontano-sans-font-family wp-elements-08a8d5edb2ac7c46c4fc60b3f6e8485f\" style=\"color:#000000;font-size:clamp(14px, 0.875rem + ((1vw - 3.2px) * 0.455), 18px);\">Une exp\u00e9rience fun, immersive et rafra\u00eechissante, au plus proche de la nature.<\/p>\n\n\n\n<div class=\"wp-block-buttons is-horizontal is-content-justification-left is-layout-flex wp-container-core-buttons-is-layout-324fa30b wp-block-buttons-is-layout-flex\" style=\"margin-top:20px\">\n<div class=\"wp-block-button has-custom-width wp-block-button__width-50 is-style-fill\"><a class=\"wp-block-button__link has-text-color has-background has-pontano-sans-font-family has-custom-font-size wp-element-button\" href=\"https:\/\/odyssee-kayak.com\/index.php\/paddle\/\" style=\"border-style:none;border-width:0px;border-top-left-radius:10px;border-top-right-radius:10px;border-bottom-left-radius:10px;border-bottom-right-radius:10px;color:#fffffd;background-color:#fe6c1c;padding-top:var(--wp--preset--spacing--20);padding-right:var(--wp--preset--spacing--30);padding-bottom:var(--wp--preset--spacing--20);padding-left:var(--wp--preset--spacing--30);font-size:clamp(0.875rem, 0.875rem + ((1vw - 0.2rem) * 0.245), 1.01rem);font-style:normal;font-weight:600;letter-spacing:1px;line-height:1.5;text-transform:uppercase\" target=\"_blank\" rel=\"noreferrer noopener\">d\u00e9couvrir<\/a><\/div>\n<\/div>\n<\/div>\n<\/div>\n<\/div>\n<\/div>\n\n\n\n<p><\/p>\n","protected":false},"excerpt":{"rendered":"<p>Kayak double Profitez d\u2019une exp\u00e9rience unique avec notre kayak double, pens\u00e9 pour partager l\u2019aventure \u00e0 deux. Stable, confortable et facile \u00e0 manier, il permet de pagayer en duo en toute s\u00e9r\u00e9nit\u00e9, que ce soit en couple, entre amis ou en famille. L\u2019\u00e9quilibre parfait entre complicit\u00e9 et d\u00e9couverte, pour vivre un moment de connexion sur l\u2019eau. [&hellip;]<\/p>\n","protected":false},"author":1,"featured_media":0,"parent":0,"menu_order":0,"comment_status":"closed","ping_status":"closed","template":"","meta":{"footnotes":""},"class_list":["post-41","page","type-page","status-publish","hentry"],"_links":{"self":[{"href":"https:\/\/odyssee-kayak.com\/index.php\/wp-json\/wp\/v2\/pages\/41","targetHints":{"allow":["GET"]}}],"collection":[{"href":"https:\/\/odyssee-kayak.com\/index.php\/wp-json\/wp\/v2\/pages"}],"about":[{"href":"https:\/\/odyssee-kayak.com\/index.php\/wp-json\/wp\/v2\/types\/page"}],"author":[{"embeddable":true,"href":"https:\/\/odyssee-kayak.com\/index.php\/wp-json\/wp\/v2\/users\/1"}],"replies":[{"embeddable":true,"href":"https:\/\/odyssee-kayak.com\/index.php\/wp-json\/wp\/v2\/comments?post=41"}],"version-history":[{"count":12,"href":"https:\/\/odyssee-kayak.com\/index.php\/wp-json\/wp\/v2\/pages\/41\/revisions"}],"predecessor-version":[{"id":485,"href":"https:\/\/odyssee-kayak.com\/index.php\/wp-json\/wp\/v2\/pages\/41\/revisions\/485"}],"wp:attachment":[{"href":"https:\/\/odyssee-kayak.com\/index.php\/wp-json\/wp\/v2\/media?parent=41"}],"curies":[{"name":"wp","href":"https:\/\/api.w.org\/{rel}","templated":true}]}}