{"id":405,"date":"2026-04-01T16:18:53","date_gmt":"2026-04-01T16:18:53","guid":{"rendered":"https:\/\/odyssee-kayak.com\/?page_id=405"},"modified":"2026-04-02T12:51:35","modified_gmt":"2026-04-02T12:51:35","slug":"kayak-simple","status":"publish","type":"page","link":"https:\/\/odyssee-kayak.com\/index.php\/kayak-simple\/","title":{"rendered":"Kayak Simple"},"content":{"rendered":"\n<div class=\"wp-block-cover alignfull is-light\" style=\"min-height:450px;aspect-ratio:unset;\"><img loading=\"lazy\" decoding=\"async\" width=\"1024\" height=\"576\" class=\"wp-block-cover__image-background wp-image-104\" alt=\"\" src=\"http:\/\/odyssee-kayak.com\/wp-content\/uploads\/2026\/02\/test-signa-ublo-2-1-1024x576.jpg\" style=\"object-position:97% 0%\" data-object-fit=\"cover\" data-object-position=\"97% 0%\" srcset=\"https:\/\/odyssee-kayak.com\/wp-content\/uploads\/2026\/02\/test-signa-ublo-2-1-1024x576.jpg 1024w, https:\/\/odyssee-kayak.com\/wp-content\/uploads\/2026\/02\/test-signa-ublo-2-1-300x169.jpg 300w, https:\/\/odyssee-kayak.com\/wp-content\/uploads\/2026\/02\/test-signa-ublo-2-1-768x432.jpg 768w, https:\/\/odyssee-kayak.com\/wp-content\/uploads\/2026\/02\/test-signa-ublo-2-1-1536x864.jpg 1536w, https:\/\/odyssee-kayak.com\/wp-content\/uploads\/2026\/02\/test-signa-ublo-2-1.jpg 1920w\" sizes=\"auto, (max-width: 1024px) 100vw, 1024px\" \/><span aria-hidden=\"true\" class=\"wp-block-cover__background has-background-dim-30 has-background-dim\" style=\"background-color:#fe6c1c\"><\/span><div class=\"wp-block-cover__inner-container is-layout-flow wp-block-cover-is-layout-flow\">\n<h1 class=\"wp-block-heading has-text-align-center has-white-color has-text-color\" style=\"font-size:clamp(2.418rem, 2.418rem + ((1vw - 0.2rem) * 3.785), 4.5rem);\"><strong>Kayak Simple<\/strong><\/h1>\n\n\n\n<p class=\"has-text-align-center has-white-color has-text-color has-medium-font-size\">Une sortie simple, fluide et accessible<\/p>\n\n\n\n<div class=\"wp-block-buttons is-content-justification-center is-layout-flex wp-container-core-buttons-is-layout-a89b3969 wp-block-buttons-is-layout-flex\">\n<div class=\"wp-block-button\"><a class=\"wp-block-button__link has-text-color has-background has-link-color wp-element-button\" href=\"https:\/\/odyssee.store.rentals\/#\/jardsurmer\/timing?lang=fr\" style=\"color:#ffffff;background-color:#fe6c1c;padding-top:var(--wp--preset--spacing--20);padding-right:var(--wp--preset--spacing--30);padding-bottom:var(--wp--preset--spacing--20);padding-left:var(--wp--preset--spacing--30)\" target=\"_blank\" rel=\"noreferrer noopener\">R\u00e9server mon kayak simple<\/a><\/div>\n<\/div>\n<\/div><\/div>\n\n\n\n<div style=\"height:48px\" aria-hidden=\"true\" class=\"wp-block-spacer\"><\/div>\n\n\n\n<div class=\"wp-block-columns is-layout-flex wp-container-core-columns-is-layout-9ba60401 wp-block-columns-is-layout-flex\">\n<div class=\"wp-block-column is-layout-flow wp-block-column-is-layout-flow\" style=\"flex-basis:60%\">\n<h2 class=\"wp-block-heading\" style=\"color:#003a5c;font-size:clamp(0.984rem, 0.984rem + ((1vw - 0.2rem) * 0.938), 1.5rem);\">\u00c0 propos du kayak simple<\/h2>\n\n\n\n<hr class=\"wp-block-separator has-text-color has-primary-background-color has-background is-style-wide\" style=\"background-color:#f39027;color:#f39027\"\/>\n\n\n\n<div style=\"height:16px\" aria-hidden=\"true\" class=\"wp-block-spacer\"><\/div>\n\n\n\n<p>Id\u00e9al pour une sortie en solo, le kayak simple vous permet de profiter librement du littoral \u00e0 votre rythme. Facile \u00e0 prendre en main, il convient parfaitement pour une balade nautique accessible et agr\u00e9able.<\/p>\n\n\n\n<div style=\"height:32px\" aria-hidden=\"true\" class=\"wp-block-spacer\"><\/div>\n\n\n\n<h2 class=\"wp-block-heading has-text-color\" style=\"color:#003a5c;font-size:clamp(0.984rem, 0.984rem + ((1vw - 0.2rem) * 0.938), 1.5rem);\">Pourquoi choisir ce mod\u00e8le ?<\/h2>\n\n\n\n<hr class=\"wp-block-separator has-text-color has-primary-color has-alpha-channel-opacity has-primary-background-color has-background is-style-wide\"\/>\n\n\n\n<div style=\"height:16px\" aria-hidden=\"true\" class=\"wp-block-spacer\"><\/div>\n\n\n\n<p>Le kayak simple est parfait pour celles et ceux qui veulent profiter d&#8217;un moment de libert\u00e9 sur l&#8217;eau, sans contrainte. C&#8217;est une solution pratique, rapide et id\u00e9ale pour d\u00e9couvrir la zone de navigation en toute autonomie.<\/p>\n<\/div>\n\n\n\n<div class=\"wp-block-column is-layout-flow wp-block-column-is-layout-flow\" style=\"flex-basis:40%\">\n<div class=\"wp-block-group is-layout-flow wp-block-group-is-layout-flow\" style=\"border-radius:10px;padding-top:32px;padding-right:32px;padding-bottom:32px;padding-left:32px;background-color:#eef6fb\">\n\n<h3 class=\"wp-block-heading has-text-align-center\" style=\"color:#003a5c;font-size:clamp(0.875rem, 0.875rem + ((1vw - 0.2rem) * 0.409), 1.1rem);\">Informations utiles<\/h3>\n\n\n<hr class=\"wp-block-separator has-text-color has-background is-style-wide\" style=\"background-color:#f39027;color:#f39027\"\/>\n\n\n<div style=\"height:12px\" aria-hidden=\"true\" class=\"wp-block-spacer\"><\/div>\n\n\n<ul class=\"wp-block-list\">\n\n<li>1 personne<\/li>\n\n\n<li>Facile \u00e0 utiliser<\/li>\n\n\n<li>Id\u00e9al pour une balade en solo<\/li>\n\n\n<li>Gilet de sauvetage fourni<\/li>\n\n\n<li>Retrait autonome via notre distributeur connect\u00e9<\/li>\n\n<\/ul>\n\n<\/div>\n<\/div>\n<\/div>\n\n\n\n<div style=\"height:48px\" aria-hidden=\"true\" class=\"wp-block-spacer\"><\/div>\n\n\n\n<div class=\"wp-block-group has-background is-layout-flow wp-container-core-group-is-layout-df095f54 wp-block-group-is-layout-flow\" style=\"border-radius:10px;background-color:#003a5c;margin-bottom:var(--wp--preset--spacing--80);padding-top:40px;padding-right:48px;padding-bottom:40px;padding-left:48px\">\n<p class=\"has-text-align-center has-white-color has-text-color\">Pr\u00eat(e) \u00e0 prendre le large ? R\u00e9servez votre kayak simple en quelques clics et profitez d&#8217;une exp\u00e9rience nautique inoubliable.<\/p>\n\n\n\n<div style=\"height:16px\" aria-hidden=\"true\" class=\"wp-block-spacer\"><\/div>\n\n\n\n<div class=\"wp-block-buttons is-content-justification-center is-layout-flex wp-container-core-buttons-is-layout-a89b3969 wp-block-buttons-is-layout-flex\">\n<div class=\"wp-block-button\"><a class=\"wp-block-button__link has-text-color has-background wp-element-button\" href=\"https:\/\/odyssee.store.rentals\/#\/jardsurmer\/timing?lang=fr\" style=\"border-radius:8px;color:#ffffff;background-color:#fe6c1c;padding-top:var(--wp--preset--spacing--30);padding-right:var(--wp--preset--spacing--30);padding-bottom:var(--wp--preset--spacing--30);padding-left:var(--wp--preset--spacing--30)\" target=\"_blank\" rel=\"noreferrer noopener\">R\u00e9server maintenant<\/a><\/div>\n<\/div>\n<\/div>\n","protected":false},"excerpt":{"rendered":"<p>\u00c0 propos du kayak simple Id\u00e9al pour une sortie en solo, le kayak simple vous permet de profiter librement du littoral \u00e0 votre rythme. Facile \u00e0 prendre en main, il convient parfaitement pour une balade nautique accessible et agr\u00e9able. Pourquoi choisir ce mod\u00e8le ? Le kayak simple est parfait pour celles et ceux qui veulent [&hellip;]<\/p>\n","protected":false},"author":1,"featured_media":0,"parent":0,"menu_order":0,"comment_status":"closed","ping_status":"closed","template":"","meta":{"footnotes":""},"class_list":["post-405","page","type-page","status-publish","hentry"],"_links":{"self":[{"href":"https:\/\/odyssee-kayak.com\/index.php\/wp-json\/wp\/v2\/pages\/405","targetHints":{"allow":["GET"]}}],"collection":[{"href":"https:\/\/odyssee-kayak.com\/index.php\/wp-json\/wp\/v2\/pages"}],"about":[{"href":"https:\/\/odyssee-kayak.com\/index.php\/wp-json\/wp\/v2\/types\/page"}],"author":[{"embeddable":true,"href":"https:\/\/odyssee-kayak.com\/index.php\/wp-json\/wp\/v2\/users\/1"}],"replies":[{"embeddable":true,"href":"https:\/\/odyssee-kayak.com\/index.php\/wp-json\/wp\/v2\/comments?post=405"}],"version-history":[{"count":19,"href":"https:\/\/odyssee-kayak.com\/index.php\/wp-json\/wp\/v2\/pages\/405\/revisions"}],"predecessor-version":[{"id":476,"href":"https:\/\/odyssee-kayak.com\/index.php\/wp-json\/wp\/v2\/pages\/405\/revisions\/476"}],"wp:attachment":[{"href":"https:\/\/odyssee-kayak.com\/index.php\/wp-json\/wp\/v2\/media?parent=405"}],"curies":[{"name":"wp","href":"https:\/\/api.w.org\/{rel}","templated":true}]}}