{"id":39,"date":"2026-02-24T16:00:54","date_gmt":"2026-02-24T16:00:54","guid":{"rendered":"https:\/\/odyssee-kayak.com\/?page_id=39"},"modified":"2026-04-06T06:31:29","modified_gmt":"2026-04-06T06:31:29","slug":"a-propos","status":"publish","type":"page","link":"https:\/\/odyssee-kayak.com\/index.php\/a-propos\/","title":{"rendered":"<font dir=\"auto\" style=\"vertical-align: inherit;\"><font dir=\"auto\" style=\"vertical-align: inherit;\">\u00c0 propos <\/font><\/font>"},"content":{"rendered":"\n<div class=\"wp-block-cover alignfull is-light\" style=\"margin-top:0;margin-bottom:0;padding-top:0px;padding-bottom:80px;min-height:422px;aspect-ratio:unset;\"><img loading=\"lazy\" decoding=\"async\" width=\"1024\" height=\"640\" class=\"wp-block-cover__image-background wp-image-149 size-large\" alt=\"\" src=\"https:\/\/odyssee-kayak.com\/wp-content\/uploads\/2026\/02\/tianlei-wu-i_1jbtQBjZA-unsplash-1-1024x640.jpg\" data-object-fit=\"cover\" srcset=\"https:\/\/odyssee-kayak.com\/wp-content\/uploads\/2026\/02\/tianlei-wu-i_1jbtQBjZA-unsplash-1-1024x640.jpg 1024w, https:\/\/odyssee-kayak.com\/wp-content\/uploads\/2026\/02\/tianlei-wu-i_1jbtQBjZA-unsplash-1-300x188.jpg 300w, https:\/\/odyssee-kayak.com\/wp-content\/uploads\/2026\/02\/tianlei-wu-i_1jbtQBjZA-unsplash-1-768x480.jpg 768w, https:\/\/odyssee-kayak.com\/wp-content\/uploads\/2026\/02\/tianlei-wu-i_1jbtQBjZA-unsplash-1-1536x960.jpg 1536w, https:\/\/odyssee-kayak.com\/wp-content\/uploads\/2026\/02\/tianlei-wu-i_1jbtQBjZA-unsplash-1.jpg 1920w\" sizes=\"auto, (max-width: 1024px) 100vw, 1024px\" \/><span aria-hidden=\"true\" class=\"wp-block-cover__background has-background-dim-0 has-background-dim\" style=\"background-color:#0974f4\"><\/span><div class=\"wp-block-cover__inner-container has-global-padding is-layout-constrained wp-container-core-cover-is-layout-d4c6b484 wp-block-cover-is-layout-constrained\">\n<div style=\"height:150px\" aria-hidden=\"true\" class=\"wp-block-spacer\"><\/div>\n\n\n\n<h1 class=\"wp-block-heading has-text-align-center has-text-color has-link-color has-suranna-font-family wp-elements-e345c6bbfa1e9cef01d80f517038e7b5\" style=\"color:#ffffff;font-size:clamp(38.682px, 2.418rem + ((1vw - 3.2px) * 3.786), 72px);font-style:normal;font-weight:500\">Qui sommes-nous ? <\/h1>\n<\/div><\/div>\n\n\n\n<section class=\"wp-block-group alignfull has-global-padding is-layout-constrained wp-container-core-group-is-layout-608bbd49 wp-block-group-is-layout-constrained\" style=\"margin-top:0px;padding-top:6rem;padding-right:1rem;padding-bottom:5rem;padding-left:1rem;font-size:clamp(0.875rem, 0.875rem + ((1vw - 0.2rem) * 0.464), 1.13rem);font-style:normal;font-weight:400;line-height:1.4\">\n<div class=\"wp-block-columns is-layout-flex wp-container-core-columns-is-layout-03ad6a19 wp-block-columns-is-layout-flex\" style=\"margin-bottom:0px\">\n<div class=\"wp-block-column is-vertically-aligned-center is-layout-flow wp-block-column-is-layout-flow\" style=\"flex-basis:50%\">\n<figure class=\"wp-block-image alignleft size-full has-custom-border\"><img loading=\"lazy\" decoding=\"async\" width=\"2560\" height=\"1707\" src=\"https:\/\/odyssee-kayak.com\/wp-content\/uploads\/2026\/02\/razvan-chisu-6F98shIQysI-unsplash-scaled.jpg\" alt=\"\" class=\"wp-image-91\" style=\"border-top-left-radius:30px;border-top-right-radius:30px;border-bottom-left-radius:30px;border-bottom-right-radius:30px;aspect-ratio:1;object-fit:cover\" srcset=\"https:\/\/odyssee-kayak.com\/wp-content\/uploads\/2026\/02\/razvan-chisu-6F98shIQysI-unsplash-scaled.jpg 2560w, https:\/\/odyssee-kayak.com\/wp-content\/uploads\/2026\/02\/razvan-chisu-6F98shIQysI-unsplash-300x200.jpg 300w, https:\/\/odyssee-kayak.com\/wp-content\/uploads\/2026\/02\/razvan-chisu-6F98shIQysI-unsplash-1024x683.jpg 1024w, https:\/\/odyssee-kayak.com\/wp-content\/uploads\/2026\/02\/razvan-chisu-6F98shIQysI-unsplash-768x512.jpg 768w, https:\/\/odyssee-kayak.com\/wp-content\/uploads\/2026\/02\/razvan-chisu-6F98shIQysI-unsplash-1536x1024.jpg 1536w, https:\/\/odyssee-kayak.com\/wp-content\/uploads\/2026\/02\/razvan-chisu-6F98shIQysI-unsplash-2048x1365.jpg 2048w\" sizes=\"auto, (max-width: 2560px) 100vw, 2560px\" \/><\/figure>\n<\/div>\n\n\n\n<div class=\"wp-block-column is-vertically-aligned-center has-global-padding is-layout-constrained wp-container-core-column-is-layout-c4a7d96a wp-block-column-is-layout-constrained\" style=\"flex-basis:50%\">\n<h3 class=\"wp-block-heading has-text-align-left has-text-color has-suranna-font-family\" style=\"color:#000000;margin-top:0.5rem;margin-bottom:0rem;font-size:clamp(24.034px, 1.502rem + ((1vw - 3.2px) * 1.814), 40px);font-style:normal;font-weight:500;letter-spacing:0px;line-height:1.3\">Votre aventure, notre passion<\/h3>\n\n\n\n<p class=\"has-text-align-left has-text-color has-pontano-sans-font-family\" style=\"color:#000000;margin-top:20px;margin-bottom:20px;font-size:clamp(14px, 0.875rem + ((1vw - 3.2px) * 0.455), 18px);font-style:normal;font-weight:400;line-height:1.5\">Chez Odyss\u00e9e Kayaks, nous croyons que l\u2019aventure doit \u00eatre simple et accessible \u00e0 tous. Notre objectif est de vous permettre d\u2019explorer la nature \u00e0 votre rythme.<\/p>\n\n\n\n<p>Gr\u00e2ce \u00e0 notre syst\u00e8me de location connect\u00e9, vous pouvez louer un kayak ou un paddle \u00e0 tout moment. Il vous suffit de scanner un QR code, de r\u00e9gler, puis de d\u00e9verrouiller votre \u00e9quipement gr\u00e2ce \u00e0 un code d\u2019acc\u00e8s unique.<\/p>\n\n\n\n<p class=\"has-text-align-left has-text-color has-pontano-sans-font-family\" style=\"color:#000000;margin-top:20px;margin-bottom:20px;font-size:clamp(14px, 0.875rem + ((1vw - 3.2px) * 0.455), 18px);font-style:normal;font-weight:400;line-height:1.5\">Nous misons sur la simplicit\u00e9, la s\u00e9curit\u00e9 et la flexibilit\u00e9, pour que vous puissiez profiter du plein air sans aucune contrainte.<\/p>\n\n\n\n<div class=\"wp-block-buttons is-horizontal is-content-justification-left is-layout-flex wp-container-core-buttons-is-layout-2c34cf1c wp-block-buttons-is-layout-flex\" style=\"margin-top:0.51rem\">\n<div class=\"wp-block-button has-custom-width wp-block-button__width-50 is-style-fill\"><a class=\"wp-block-button__link has-text-color has-background has-pontano-sans-font-family has-custom-font-size wp-element-button\" href=\"https:\/\/odyssee.store.rentals\/#\/jardsurmer\/timing\" style=\"border-style:none;border-width:0px;border-top-left-radius:10px;border-top-right-radius:10px;border-bottom-left-radius:10px;border-bottom-right-radius:10px;color:#fffffd;background-color:#fe6c1c;padding-top:var(--wp--preset--spacing--20);padding-right:var(--wp--preset--spacing--30);padding-bottom:var(--wp--preset--spacing--20);padding-left:var(--wp--preset--spacing--30);font-size:clamp(0.875rem, 0.875rem + ((1vw - 0.2rem) * 0.245), 1.01rem);font-style:normal;font-weight:600;letter-spacing:1px;line-height:1.5;text-transform:uppercase\" target=\"_blank\" rel=\"noreferrer noopener\">Commencer \u00e0 pagayer<\/a><\/div>\n<\/div>\n<\/div>\n<\/div>\n<\/section>\n\n\n\n<div class=\"wp-block-cover alignfull is-light\" style=\"padding-top:6rem;padding-bottom:6rem\"><span aria-hidden=\"true\" class=\"wp-block-cover__background has-background-dim-10 has-background-dim\" style=\"background-color:#e27013\"><\/span><div class=\"wp-block-cover__inner-container has-global-padding is-layout-constrained wp-container-core-cover-is-layout-5cbdda46 wp-block-cover-is-layout-constrained\">\n<h2 class=\"wp-block-heading has-text-align-center has-text-color has-link-color has-suranna-font-family wp-elements-1f36a8056ea846b7ec283bb166447bf2\" style=\"color:#000000;font-size:clamp(24.034px, 1.502rem + ((1vw - 3.2px) * 1.814), 40px);font-style:normal;font-weight:500;letter-spacing:1px\">Notre aventure commence<\/h2>\n\n\n\n<p class=\"has-text-align-center has-text-color has-link-color wp-elements-54e04fa016b40d1c2a89894e27d524bd\" style=\"color:#000000;font-size:clamp(14px, 0.875rem + ((1vw - 3.2px) * 0.455), 18px);\">Notre aventure a commenc\u00e9 avec une id\u00e9e simple : rendre les activit\u00e9s nautiques accessibles \u00e0 tous.<\/p>\n\n\n\n<p>Nous avons constat\u00e9 qu\u2019il manquait une solution simple et sans contrainte pour profiter du kayak et du paddle. C\u2019est ainsi qu\u2019est n\u00e9e Odyss\u00e9e Kayaks. Nous avons alli\u00e9 les technologies modernes \u00e0 notre passion pour la nature, en concevant un syst\u00e8me intuitif qui vous permet de louer votre \u00e9quipement \u00e0 tout moment.<\/p>\n\n\n\n<p>D\u00e8s le lancement, notre ambition a \u00e9t\u00e9 d\u2019inspirer chacun \u00e0 se reconnecter \u00e0 l\u2019eau et \u00e0 profiter pleinement du plein air. Nous sommes anim\u00e9s par la volont\u00e9 d\u2019offrir une exp\u00e9rience fluide et agr\u00e9able, pour que vous puissiez vous concentrer sur l\u2019essentiel : le plaisir.<\/p>\n\n\n\n<p class=\"has-text-align-center has-text-color has-link-color wp-elements-c57638abbe9cb151c91586d2e072a933\" style=\"color:#000000;font-size:clamp(14px, 0.875rem + ((1vw - 3.2px) * 0.455), 18px);\">Rejoignez-nous dans cette aventure qui continue de grandir, partagez des moments uniques et cr\u00e9ez des souvenirs durables, coup de pagaie apr\u00e8s coup de pagaie !<\/p>\n\n\n\n<div class=\"wp-block-buttons is-horizontal is-content-justification-center is-layout-flex wp-container-core-buttons-is-layout-bb07f847 wp-block-buttons-is-layout-flex\" style=\"margin-top:30px\">\n<div class=\"wp-block-button has-custom-width wp-block-button__width-50 is-style-fill\"><a class=\"wp-block-button__link has-text-color has-background has-pontano-sans-font-family has-custom-font-size wp-element-button\" href=\"https:\/\/odyssee.store.rentals\/#\/jardsurmer\/timing\" style=\"border-style:none;border-width:0px;border-top-left-radius:10px;border-top-right-radius:10px;border-bottom-left-radius:10px;border-bottom-right-radius:10px;color:#fffffd;background-color:#fe6c1c;padding-top:var(--wp--preset--spacing--20);padding-right:var(--wp--preset--spacing--30);padding-bottom:var(--wp--preset--spacing--20);padding-left:var(--wp--preset--spacing--30);font-size:clamp(0.875rem, 0.875rem + ((1vw - 0.2rem) * 0.245), 1.01rem);font-style:normal;font-weight:600;letter-spacing:1px;line-height:1.5;text-transform:uppercase\" target=\"_blank\" rel=\"noreferrer noopener\">R\u00e9server Mon \u00e9quipement<\/a><\/div>\n<\/div>\n<\/div><\/div>\n\n\n\n<section class=\"wp-block-group alignfull has-global-padding is-layout-constrained wp-container-core-group-is-layout-8202059b wp-block-group-is-layout-constrained\" style=\"margin-top:0px;padding-top:6rem;padding-right:1rem;padding-bottom:6rem;padding-left:1rem;font-size:clamp(0.875rem, 0.875rem + ((1vw - 0.2rem) * 0.464), 1.13rem);font-style:normal;font-weight:400;line-height:1.4\">\n<div class=\"wp-block-columns is-layout-flex wp-container-core-columns-is-layout-03ad6a19 wp-block-columns-is-layout-flex\" style=\"margin-bottom:0px\">\n<div class=\"wp-block-column is-vertically-aligned-center has-global-padding is-layout-constrained wp-container-core-column-is-layout-c4a7d96a wp-block-column-is-layout-constrained\" style=\"flex-basis:50%\">\n<h3 class=\"wp-block-heading has-text-align-left has-text-color has-suranna-font-family\" style=\"color:#010101;margin-top:0.5rem;margin-bottom:0rem;font-size:clamp(24.034px, 1.502rem + ((1vw - 3.2px) * 1.814), 40px);font-style:normal;font-weight:500;letter-spacing:0px;line-height:1.3\">Comment nous vous accompagnons<\/h3>\n\n\n\n<p class=\"has-text-align-left has-text-color has-pontano-sans-font-family\" style=\"color:#010101;margin-top:20px;margin-bottom:20px;font-size:clamp(14px, 0.875rem + ((1vw - 3.2px) * 0.455), 18px);font-style:normal;font-weight:400;line-height:1.5\">Chez Odyss\u00e9e, nous nous engageons \u00e0 enrichir votre exp\u00e9rience en plein air.<\/p>\n\n\n\n<p><strong>Nous pla\u00e7ons la simplicit\u00e9 au c\u0153ur de notre service<\/strong> : notre processus de location est rapide et intuitif, pour que vous puissiez vous concentrer sur le plaisir. La s\u00e9curit\u00e9 est notre priorit\u00e9 absolue ; notre mat\u00e9riel est r\u00e9guli\u00e8rement contr\u00f4l\u00e9 et entretenu afin de vous offrir une tranquillit\u00e9 d\u2019esprit totale une fois sur l\u2019eau.<\/p>\n\n\n\n<p><\/p>\n\n\n\n<p>La flexibilit\u00e9 est \u00e9galement essentielle : vous partez \u00e0 l\u2019aventure quand vous le souhaitez. Nous sommes aussi attach\u00e9s \u00e0 une d\u00e9marche durable, en encourageant des pratiques \u00e9coresponsables pour pr\u00e9server nos magnifiques voies navigables.<\/p>\n\n\n\n<p class=\"has-text-align-left has-text-color has-pontano-sans-font-family\" style=\"color:#010101;margin-top:20px;margin-bottom:20px;font-size:clamp(14px, 0.875rem + ((1vw - 3.2px) * 0.455), 18px);font-style:normal;font-weight:400;line-height:1.5\">Votre aventure compte pour nous, et nous sommes l\u00e0 pour vous accompagner \u00e0 chaque \u00e9tape !<\/p>\n\n\n\n<div class=\"wp-block-buttons is-horizontal is-content-justification-left is-layout-flex wp-container-core-buttons-is-layout-2c34cf1c wp-block-buttons-is-layout-flex\" style=\"margin-top:0.51rem\">\n<div class=\"wp-block-button has-custom-width wp-block-button__width-50 is-style-fill\"><a class=\"wp-block-button__link has-text-color has-background has-pontano-sans-font-family has-custom-font-size wp-element-button\" href=\"https:\/\/odyssee.store.rentals\/#\/jardsurmer\/timing\" style=\"border-style:none;border-width:0px;border-top-left-radius:10px;border-top-right-radius:10px;border-bottom-left-radius:10px;border-bottom-right-radius:10px;color:#fffffd;background-color:#fe6c1c;padding-top:var(--wp--preset--spacing--20);padding-right:var(--wp--preset--spacing--30);padding-bottom:var(--wp--preset--spacing--20);padding-left:var(--wp--preset--spacing--30);font-size:clamp(0.875rem, 0.875rem + ((1vw - 0.2rem) * 0.245), 1.01rem);font-style:normal;font-weight:600;letter-spacing:1px;line-height:1.5;text-transform:uppercase\" target=\"_blank\" rel=\"noopener\">Partir \u00e0 l&#8217;aventure<\/a><\/div>\n<\/div>\n<\/div>\n\n\n\n<div class=\"wp-block-column is-vertically-aligned-center is-layout-flow wp-block-column-is-layout-flow\" style=\"flex-basis:50%\">\n<figure class=\"wp-block-image alignright size-full has-custom-border\"><img loading=\"lazy\" decoding=\"async\" width=\"2560\" height=\"1707\" src=\"https:\/\/odyssee-kayak.com\/wp-content\/uploads\/2026\/02\/maddle-nv-6i1znUg8-unsplash-scaled.jpg\" alt=\"\" class=\"wp-image-93\" style=\"border-style:none;border-width:0px;border-top-left-radius:30px;border-top-right-radius:30px;border-bottom-left-radius:30px;border-bottom-right-radius:30px;aspect-ratio:3\/4;object-fit:cover\" srcset=\"https:\/\/odyssee-kayak.com\/wp-content\/uploads\/2026\/02\/maddle-nv-6i1znUg8-unsplash-scaled.jpg 2560w, https:\/\/odyssee-kayak.com\/wp-content\/uploads\/2026\/02\/maddle-nv-6i1znUg8-unsplash-300x200.jpg 300w, https:\/\/odyssee-kayak.com\/wp-content\/uploads\/2026\/02\/maddle-nv-6i1znUg8-unsplash-1024x683.jpg 1024w, https:\/\/odyssee-kayak.com\/wp-content\/uploads\/2026\/02\/maddle-nv-6i1znUg8-unsplash-768x512.jpg 768w, https:\/\/odyssee-kayak.com\/wp-content\/uploads\/2026\/02\/maddle-nv-6i1znUg8-unsplash-1536x1024.jpg 1536w, https:\/\/odyssee-kayak.com\/wp-content\/uploads\/2026\/02\/maddle-nv-6i1znUg8-unsplash-2048x1365.jpg 2048w\" sizes=\"auto, (max-width: 2560px) 100vw, 2560px\" \/><\/figure>\n<\/div>\n<\/div>\n<\/section>\n\n\n\n<p><\/p>\n","protected":false},"excerpt":{"rendered":"<p>Votre aventure, notre passion Chez Odyss\u00e9e Kayaks, nous croyons que l\u2019aventure doit \u00eatre simple et accessible \u00e0 tous. Notre objectif est de vous permettre d\u2019explorer la nature \u00e0 votre rythme. Gr\u00e2ce \u00e0 notre syst\u00e8me de location connect\u00e9, vous pouvez louer un kayak ou un paddle \u00e0 tout moment. Il vous suffit de scanner un QR [&hellip;]<\/p>\n","protected":false},"author":1,"featured_media":0,"parent":0,"menu_order":0,"comment_status":"closed","ping_status":"closed","template":"","meta":{"footnotes":""},"class_list":["post-39","page","type-page","status-publish","hentry"],"_links":{"self":[{"href":"https:\/\/odyssee-kayak.com\/index.php\/wp-json\/wp\/v2\/pages\/39","targetHints":{"allow":["GET"]}}],"collection":[{"href":"https:\/\/odyssee-kayak.com\/index.php\/wp-json\/wp\/v2\/pages"}],"about":[{"href":"https:\/\/odyssee-kayak.com\/index.php\/wp-json\/wp\/v2\/types\/page"}],"author":[{"embeddable":true,"href":"https:\/\/odyssee-kayak.com\/index.php\/wp-json\/wp\/v2\/users\/1"}],"replies":[{"embeddable":true,"href":"https:\/\/odyssee-kayak.com\/index.php\/wp-json\/wp\/v2\/comments?post=39"}],"version-history":[{"count":20,"href":"https:\/\/odyssee-kayak.com\/index.php\/wp-json\/wp\/v2\/pages\/39\/revisions"}],"predecessor-version":[{"id":492,"href":"https:\/\/odyssee-kayak.com\/index.php\/wp-json\/wp\/v2\/pages\/39\/revisions\/492"}],"wp:attachment":[{"href":"https:\/\/odyssee-kayak.com\/index.php\/wp-json\/wp\/v2\/media?parent=39"}],"curies":[{"name":"wp","href":"https:\/\/api.w.org\/{rel}","templated":true}]}}